{"id":22,"date":"2025-04-21T18:48:00","date_gmt":"2025-04-21T18:48:00","guid":{"rendered":"https:\/\/baendl.at\/?page_id=22"},"modified":"2025-04-21T19:07:08","modified_gmt":"2025-04-21T19:07:08","slug":"breakdance-22","status":"publish","type":"page","link":"https:\/\/baendl.at\/","title":{"rendered":"Breakdance &#8211; 22"},"content":{"rendered":"<section class=\"bde-section-22-101 bde-section\" data-parallax=\"true\">\n  \n  \n\t\n\n\n\n<div class=\"section-container\"><div class=\"bde-rich-text-22-141 bde-rich-text breakdance-rich-text-styles\" data-parallax=\"true\">\n<h1>Katharina \"Kate\" Baendl<\/h1><p>Schauspielerin | Sprecherin<\/p>\n<\/div><\/div>\n<\/section><section class=\"bde-section-22-105 bde-section\">\n  \n  \n\t\n\n\n\n<div class=\"section-container\"><div class=\"bde-rich-text-22-106 bde-rich-text breakdance-rich-text-styles\" data-entrance=\"fade\">\n<h3>\u00a0<\/h3><h3>Hallo und Herzlich Willkommen auf meiner Homepage!<\/h3><p>Ich bin Katharina B\u00e4ndl, ich wuchs zwischen milit\u00e4rischer Disziplin und musikalischer Leidenschaft auf, was meine Arbeit bis heute auf eine spannende Weise beeinflusst. Ich trainiere die chinesische Kampfkunst Wing Tsun, spiele Geige in einem symphonischen Orchester und reite. Meine Lebensstationen in \u00d6sterreich, S\u00fcdafrika und Texas (USA) sowie die flie\u00dfenden Sprachkenntnisse in Deutsch (Muttersprache), Englisch und Italienisch verleihen meiner Arbeit eine besondere, globale Note. Ich habe sogar meinen eigenen Kurzfilm geschrieben und produziert, weil ich das Filmemachen in all seinen Facetten einfach liebe.<\/p><h3>Hello and welcome to my website!<\/h3><p>I'm Katharina Baendl, actress, voice actress, freelance speaker\/moderator. I grew up between military discipline and musical passion, which continues to influence my work in exciting ways. I have a wide range of talents: I train the Chinese martial art Wing Tsun, play the violin in a symphony orchestra, and ride horseback. My life experiences in Austria, South Africa, and Texas (USA), as well as my fluent German (native language), English and Italian, give my work a special, global touch. I even wrote and produced my own short film because I simply love filmmaking in all its facets.<\/p>\n<\/div><\/div>\n<\/section><section class=\"bde-section-22-107 bde-section\">\n  \n  \n\t\n\n\n\n        <div class=\"section-shape-divider-wrapper section-shape-divider-wrapper--1\">\n          <span class=\"section-shape-divider\">\n                      <svg\n                xmlns=\"http:\/\/www.w3.org\/2000\/svg\"\n                viewBox=\"0 0 1440 320\"\n                preserveAspectRatio=\"none\"\n            >\n              custom\n            <\/svg>\n                    <\/span>\n      <\/div>\n  <div class=\"section-container\"><div class=\"bde-columns-22-109 bde-columns\"><div class=\"bde-column-22-110 bde-column\">\n  \n  \n\t\n\n\n\n<img decoding=\"async\" class=\"bde-image2-22-113 bde-image2\" src=\"https:\/\/baendl.at\/wp-content\/uploads\/2025\/04\/KBaendl_HS_052024_4star002-scaled.jpg\" loading=\"lazy\" srcset=\"https:\/\/baendl.at\/wp-content\/uploads\/2025\/04\/KBaendl_HS_052024_4star002-scaled.jpg 2560w, https:\/\/baendl.at\/wp-content\/uploads\/2025\/04\/KBaendl_HS_052024_4star002-300x200.jpg 300w, https:\/\/baendl.at\/wp-content\/uploads\/2025\/04\/KBaendl_HS_052024_4star002-1024x683.jpg 1024w, https:\/\/baendl.at\/wp-content\/uploads\/2025\/04\/KBaendl_HS_052024_4star002-768x512.jpg 768w, https:\/\/baendl.at\/wp-content\/uploads\/2025\/04\/KBaendl_HS_052024_4star002-1536x1024.jpg 1536w, https:\/\/baendl.at\/wp-content\/uploads\/2025\/04\/KBaendl_HS_052024_4star002-2048x1365.jpg 2048w\" sizes=\"(max-width: 2560px) 100vw, 2560px\" height=\"12\">\n<\/div><div class=\"bde-column-22-111 bde-column\">\n  \n  \n\t\n\n\n\n<img decoding=\"async\" class=\"bde-image2-22-114 bde-image2\" src=\"https:\/\/baendl.at\/wp-content\/uploads\/2025\/04\/KBaendl_HS_052024_5star002-scaled.jpg\" loading=\"lazy\" srcset=\"https:\/\/baendl.at\/wp-content\/uploads\/2025\/04\/KBaendl_HS_052024_5star002-scaled.jpg 2560w, https:\/\/baendl.at\/wp-content\/uploads\/2025\/04\/KBaendl_HS_052024_5star002-300x200.jpg 300w, https:\/\/baendl.at\/wp-content\/uploads\/2025\/04\/KBaendl_HS_052024_5star002-1024x683.jpg 1024w, https:\/\/baendl.at\/wp-content\/uploads\/2025\/04\/KBaendl_HS_052024_5star002-768x512.jpg 768w, https:\/\/baendl.at\/wp-content\/uploads\/2025\/04\/KBaendl_HS_052024_5star002-1536x1024.jpg 1536w, https:\/\/baendl.at\/wp-content\/uploads\/2025\/04\/KBaendl_HS_052024_5star002-2048x1365.jpg 2048w\" sizes=\"(max-width: 2560px) 100vw, 2560px\">\n<\/div><div class=\"bde-column-22-112 bde-column\">\n  \n  \n\t\n\n\n\n<img decoding=\"async\" class=\"bde-image2-22-115 bde-image2\" src=\"https:\/\/baendl.at\/wp-content\/uploads\/2025\/04\/KBaendl_HS_052024_3star013-scaled.jpg\" loading=\"lazy\" srcset=\"https:\/\/baendl.at\/wp-content\/uploads\/2025\/04\/KBaendl_HS_052024_3star013-scaled.jpg 2560w, https:\/\/baendl.at\/wp-content\/uploads\/2025\/04\/KBaendl_HS_052024_3star013-300x200.jpg 300w, https:\/\/baendl.at\/wp-content\/uploads\/2025\/04\/KBaendl_HS_052024_3star013-1024x683.jpg 1024w, https:\/\/baendl.at\/wp-content\/uploads\/2025\/04\/KBaendl_HS_052024_3star013-768x512.jpg 768w, https:\/\/baendl.at\/wp-content\/uploads\/2025\/04\/KBaendl_HS_052024_3star013-1536x1024.jpg 1536w, https:\/\/baendl.at\/wp-content\/uploads\/2025\/04\/KBaendl_HS_052024_3star013-2048x1365.jpg 2048w\" sizes=\"(max-width: 2560px) 100vw, 2560px\">\n<\/div><\/div><\/div>\n<\/section><section class=\"bde-section-22-119 bde-section\">\n  \n  \n\t\n\n\n\n<div class=\"section-container\"><div class=\"bde-video-22-120 bde-video\">\n<div class=\"ee-video-container\">\n                                                                        \n                <lite-youtube\n                        videoid=\"rGyPozE8Tk8\"\n                                                style=\"background-image: url(https:\/\/i.ytimg.com\/vi\/rGyPozE8Tk8\/maxresdefault.jpg); \"\n                        class=\"ee-video\"\n                        title=\"\"\n                        params=\"&playsinline=0&rel=0&enablejsapi=1\"\n                >\n                <\/lite-youtube>\n                    \n        \n            \n    <\/div>\n\n<\/div><\/div>\n<\/section><section class=\"bde-section-22-128 bde-section\">\n  \n  \n\t\n\n\n\n<div class=\"section-container\"><div class=\"bde-columns-22-130 bde-columns\"><div class=\"bde-column-22-131 bde-column\">\n  \n  \n\t\n\n\n\n<div class=\"bde-rich-text-22-133 bde-rich-text breakdance-rich-text-styles\">\n<h3>Contact me Today!<\/h3><p>katharina@baendl.at | +43 680 1187583<\/p>\n<\/div>\n<\/div><div class=\"bde-column-22-132 bde-column\">\n  \n  \n\t\n\n\n\n<div class=\"bde-button-22-134 bde-button\">\n    \n                                    \n    \n    \n    \n    \n            \n                    \n            \n            \n\n    \n    \n    \n    \n    \n    <a class=\"breakdance-link button-atom button-atom--primary bde-button__button\" href=\"https:\/\/baendl.at\/wp-content\/uploads\/2025\/04\/Kunstlerischer-Lebenslauf-KBaendl-2025.pdf\" target=\"_blank\" data-type=\"url\"  >\n\n    \n        <span class=\"button-atom__text\">Download my CV<\/span>\n\n        \n        \n                <\/a>\n\n    \n\n\n<\/div>\n<\/div><\/div><\/div>\n<\/section><section class=\"bde-section-22-126 bde-section\">\n  \n  \n\t\n\n\n\n<div class=\"section-container\"><div class=\"bde-columns-22-136 bde-columns\"><div class=\"bde-column-22-137 bde-column\">\n  \n  \n\t\n\n\n\n<div class=\"bde-simple-testimonial-22-139 bde-simple-testimonial\">\n\n\n\n    \n    \n\n\n\n\n\n\n    <div class='simple-testimonial__author-info' >\n        Alle Inhalte dieser Website unterliegen dem Urheberrecht und d\u00fcrfen ohne unsere ausdr\u00fcckliche Zustimmung nicht verwendet werden. F\u00fcr Inhalte externer Links \u00fcbernehmen wir keine Verantwortung.\n    <\/div>\n\n\n\n<\/div>\n<\/div><div class=\"bde-column-22-138 bde-column\">\n  \n  \n\t\n\n\n\n<div class=\"bde-simple-testimonial-22-140 bde-simple-testimonial\">\n\n\n\n    \n    \n\n\n\n\n\n\n    <div class='simple-testimonial__author-info' >\n        Katharina B\u00e4ndl | katharina@baendl.at | Michael Stern-Gasse 63 | 2700 Wiener Neustadt\/\u00d6sterreich | Mobil: +43 680 1187583\n    <\/div>\n\n\n\n<\/div>\n<\/div><\/div><\/div>\n<\/section>","protected":false},"excerpt":{"rendered":"<p>Katharina &#8220;Kate&#8221; BaendlSchauspielerin | Sprecherin \u00a0Hallo und Herzlich Willkommen auf meiner Homepage!Ich bin Katharina B\u00e4ndl, ich wuchs zwischen milit\u00e4rischer Disziplin und musikalischer Leidenschaft auf, was meine Arbeit bis heute auf eine spannende Weise beeinflusst. Ich trainiere die chinesische Kampfkunst Wing Tsun, spiele Geige in einem symphonischen Orchester und reite. Meine Lebensstationen in \u00d6sterreich, S\u00fcdafrika und [&hellip;]<\/p>\n","protected":false},"author":1,"featured_media":0,"parent":0,"menu_order":0,"comment_status":"closed","ping_status":"closed","template":"","meta":{"_breakdance_hide_in_design_set":false,"_breakdance_tags":"","footnotes":""},"class_list":["post-22","page","type-page","status-publish","hentry"],"_links":{"self":[{"href":"https:\/\/baendl.at\/index.php?rest_route=\/wp\/v2\/pages\/22","targetHints":{"allow":["GET"]}}],"collection":[{"href":"https:\/\/baendl.at\/index.php?rest_route=\/wp\/v2\/pages"}],"about":[{"href":"https:\/\/baendl.at\/index.php?rest_route=\/wp\/v2\/types\/page"}],"author":[{"embeddable":true,"href":"https:\/\/baendl.at\/index.php?rest_route=\/wp\/v2\/users\/1"}],"replies":[{"embeddable":true,"href":"https:\/\/baendl.at\/index.php?rest_route=%2Fwp%2Fv2%2Fcomments&post=22"}],"version-history":[{"count":13,"href":"https:\/\/baendl.at\/index.php?rest_route=\/wp\/v2\/pages\/22\/revisions"}],"predecessor-version":[{"id":59,"href":"https:\/\/baendl.at\/index.php?rest_route=\/wp\/v2\/pages\/22\/revisions\/59"}],"wp:attachment":[{"href":"https:\/\/baendl.at\/index.php?rest_route=%2Fwp%2Fv2%2Fmedia&parent=22"}],"curies":[{"name":"wp","href":"https:\/\/api.w.org\/{rel}","templated":true}]}}